{"id":381,"date":"2020-04-01T19:25:32","date_gmt":"2020-04-01T19:25:32","guid":{"rendered":"http:\/\/praxis-droezdil.de\/?page_id=381"},"modified":"2020-04-01T19:25:33","modified_gmt":"2020-04-01T19:25:33","slug":"ueber-uns","status":"publish","type":"page","link":"https:\/\/praxis-droezdil.de\/?page_id=381","title":{"rendered":"\u00dcber uns"},"content":{"rendered":"\n<h5 class=\"wp-block-heading\">Liebe Patientinnen und Patienten,<\/h5>\n\n\n\n<h5 class=\"wp-block-heading\">Sie finden unsere Hausarzt-Praxis im \u00c4rztehaus am Rathaus in der Marktstra\u00dfe 25 in Kitzingen.<\/h5>\n\n\n\n<h5 class=\"wp-block-heading\">Als Hausarzt biete ich Ihnen  gemeinsam mit unserem erfahrenen und freundlichem Team in unserer Praxis eine umfassende klassische haus\u00e4rztliche Versorgung  erweitert um internistische Schwerpunkte f\u00fcr Kitzingen und Umland. Neben den regul\u00e4ren Untersuchungen und Behandlungen in unserer Praxis ist die  Patientenversorgung in den Pflege- und Altenheimen in Kitzingen und  Umgebung Teil unserer haus\u00e4rztlichen Versorgung.<\/h5>\n\n\n\n<h5 class=\"wp-block-heading\">Wir legen gro\u00dfen Wert auf eine ad\u00e4quate leitliniengerechte  Diagnostik und Behandlung von akuten und chronischen Erkrankungen sowie&nbsp;  Vorsorgeuntersuchungen und verstehen uns als prim\u00e4ren Ansprechpartner bei Fragen rund um Ihre Gesundheit.<\/h5>\n\n\n\n<h5 class=\"wp-block-heading\">Regelm\u00e4\u00dfige Fortbildungen als auch die bestehende enge  Zusammenarbeit mit den umliegenden fach\u00e4rztlichen Kollegen und  Krankenh\u00e4usern sowie der Universit\u00e4tsklinik W\u00fcrzburg kommen Ihnen als Patient zugute.<\/h5>\n","protected":false},"excerpt":{"rendered":"<p>Liebe Patientinnen und Patienten, Sie finden unsere Hausarzt-Praxis im \u00c4rztehaus am Rathaus in der Marktstra\u00dfe 25 in Kitzingen. Als Hausarzt biete ich Ihnen gemeinsam mit unserem erfahrenen und freundlichem Team in unserer Praxis eine umfassende klassische haus\u00e4rztliche Versorgung erweitert um internistische Schwerpunkte f\u00fcr Kitzingen und Umland. Neben den regul\u00e4ren Untersuchungen und Behandlungen in unserer Praxis [&hellip;]<\/p>\n","protected":false},"author":1,"featured_media":0,"parent":0,"menu_order":0,"comment_status":"closed","ping_status":"closed","template":"","meta":{"footnotes":""},"class_list":["post-381","page","type-page","status-publish","hentry"],"aioseo_notices":[],"_links":{"self":[{"href":"https:\/\/praxis-droezdil.de\/index.php?rest_route=\/wp\/v2\/pages\/381","targetHints":{"allow":["GET"]}}],"collection":[{"href":"https:\/\/praxis-droezdil.de\/index.php?rest_route=\/wp\/v2\/pages"}],"about":[{"href":"https:\/\/praxis-droezdil.de\/index.php?rest_route=\/wp\/v2\/types\/page"}],"author":[{"embeddable":true,"href":"https:\/\/praxis-droezdil.de\/index.php?rest_route=\/wp\/v2\/users\/1"}],"replies":[{"embeddable":true,"href":"https:\/\/praxis-droezdil.de\/index.php?rest_route=%2Fwp%2Fv2%2Fcomments&post=381"}],"version-history":[{"count":3,"href":"https:\/\/praxis-droezdil.de\/index.php?rest_route=\/wp\/v2\/pages\/381\/revisions"}],"predecessor-version":[{"id":446,"href":"https:\/\/praxis-droezdil.de\/index.php?rest_route=\/wp\/v2\/pages\/381\/revisions\/446"}],"wp:attachment":[{"href":"https:\/\/praxis-droezdil.de\/index.php?rest_route=%2Fwp%2Fv2%2Fmedia&parent=381"}],"curies":[{"name":"wp","href":"https:\/\/api.w.org\/{rel}","templated":true}]}}