{"id":37,"date":"2017-04-14T21:06:43","date_gmt":"2017-04-14T21:06:43","guid":{"rendered":"http:\/\/praxis-droezdil.de\/?page_id=37"},"modified":"2024-07-14T16:38:58","modified_gmt":"2024-07-14T16:38:58","slug":"impressum","status":"publish","type":"page","link":"https:\/\/praxis-droezdil.de\/?page_id=37","title":{"rendered":"Impressum"},"content":{"rendered":"<p>Die nachstehenden Informationen enthalten die gesetzlich vorgesehenen Pflichtangaben zur Anbieterkennzeichnung unserer Internet-Pr\u00e4senz gem. \u00a7 5 Telemediengesetz (TMG) sowie Informationen nach der Dienstleistungs-Informationspflichten-Verordnung (DL-InfoV).<\/p>\n<p>Dienstanbieter:<\/p>\n<p>Dr. med.\u00a0Sigho \u00d6zdil<br \/>\n<span class=\"tsmcontroller\">Marktstra\u00dfe 25<br \/>\n97318 Kitzingen<br \/>\nTel: +49 9321-91630<br \/>\nWeb: https:\/\/praxis-droezdil.de<br \/>\n<img loading=\"lazy\" decoding=\"async\" class=\"alignnone size-full wp-image-284\" src=\"https:\/\/praxis-droezdil.de\/wp-content\/uploads\/2018\/05\/email-praxis.jpg\" alt=\"\" width=\"236\" height=\"25\" \/><\/span><\/p>\n<p>Gesetzliche Berufsbezeichnung: Arzt\/\u00c4rztin<br \/>\nBerufsbezeichnung verliehen in der Bundesrepublik Deutschland<\/p>\n<p>Zust\u00e4ndige \u00c4rztekammer:<br \/>\nBayerische Landes\u00e4rztekammer,\u00a0M\u00fchlbaurstra\u00dfe 16,\u00a081677 M\u00fcnchen<br \/>\nTelefon: (089) 4147-0, Fax: (089) 4147-280 blaek@blaek.de,<br \/>\nKassen\u00e4rztliche Vereinigung: Bayern, www.kvb.de<\/p>\n<p>Berufsordnung:\u2028 Die berufsrechtlichen Regelungen sind \u00fcber die Internetseiten der Bayerischen Landes\u00e4rztekammer zug\u00e4nglich. Der direkte Link lautet:\u2028http:\/\/www.blaek.de\/<\/p>\n<p>Hinweise:<\/p>\n<p>Urheberrechtsvermerk<br \/>\nDie Ver\u00f6ffentlichung, Vervielf\u00e4ltigung sowie die Verbreitung von Inhalten dieses Angebotes bed\u00fcrfen der Zustimmung des Anbieters. Zitate haben mit dem Hinweis auf den Autor und Quellenangabe zu erfolgen.<\/p>\n<p>Informationsangebot<br \/>\nF\u00fcr Vollst\u00e4ndigkeit, Fehler redaktioneller und technischer Art, Auslassungen usw. sowie die Richtigkeit der Eintragungen kann keine Haftung \u00fcbernommen werden. Die eingestellten Informationen dienen lediglich als allgemeine Informationen und sind keine Rechts- oder Steuerberatung.<br \/>\nWir behalten uns das Recht vor, ohne vorherige Ank\u00fcndigung die bereitgestellten Informationen zu \u00e4ndern, zu erg\u00e4nzen oder zu entfernen.<\/p>\n<p>Querverweise<br \/>\nAnbieter sind f\u00fcr die eigenen Inhalte, die sie zur Nutzung bereithalten, nach den allgemeinen Gesetzen verantwortlich. Von diesen eigenen Inhalten sind Querverweise auf die von anderen Anbietern bereitgehaltenen Inhalte zu unterscheiden.<br \/>\nDie Verweise durch Hyperlinks auf Inhalte fremder Webseiten dienen lediglich der Information.<br \/>\nDie Verantwortlichkeit f\u00fcr diese fremden Inhalte liegt alleine bei dem Anbieter, der die Inhalte bereith\u00e4lt. Vor dem Einrichten des entsprechenden Verweises sind die Web-Seiten der anderen Anbieter mit gro\u00dfer Sorgfalt und nach bestem Wissen und Gewissen \u00fcberpr\u00fcft worden. Es kann jedoch keine Gew\u00e4hr f\u00fcr die Vollst\u00e4ndigkeit und Richtigkeit von Informationen \u00fcbernommen werden, die \u00fcber weiterf\u00fchrende Hyperlinks erreicht werden. Der Inhalt der anderen Web-Seiten kann jederzeit ohne unser Wissen ge\u00e4ndert werden.<br \/>\nF\u00fcr s\u00e4mtliche Links auf diesen Seiten gilt: Wir betonen, dass wir keinen Einfluss auf die Gestaltung und die Inhalte der durch Link von unserer Homepage aus erreichbaren Seiten anderer Anbieter haben und uns deren Inhalt nicht zu eigen machen. Diese Erkl\u00e4rung gilt f\u00fcr alle Seiten dieser Homepage und die dort angebrachten Links.<\/p>\n","protected":false},"excerpt":{"rendered":"<p>Die nachstehenden Informationen enthalten die gesetzlich vorgesehenen Pflichtangaben zur Anbieterkennzeichnung unserer Internet-Pr\u00e4senz gem. \u00a7 5 Telemediengesetz (TMG) sowie Informationen nach der Dienstleistungs-Informationspflichten-Verordnung (DL-InfoV). Dienstanbieter: Dr. med.\u00a0Sigho \u00d6zdil Marktstra\u00dfe 25 97318 Kitzingen Tel: +49 9321-91630 Web: https:\/\/praxis-droezdil.de Gesetzliche Berufsbezeichnung: Arzt\/\u00c4rztin Berufsbezeichnung verliehen in der Bundesrepublik Deutschland Zust\u00e4ndige \u00c4rztekammer: Bayerische Landes\u00e4rztekammer,\u00a0M\u00fchlbaurstra\u00dfe 16,\u00a081677 M\u00fcnchen Telefon: (089) 4147-0, Fax: [&hellip;]<\/p>\n","protected":false},"author":1,"featured_media":0,"parent":0,"menu_order":9,"comment_status":"closed","ping_status":"closed","template":"","meta":{"footnotes":""},"class_list":["post-37","page","type-page","status-publish","hentry"],"aioseo_notices":[],"_links":{"self":[{"href":"https:\/\/praxis-droezdil.de\/index.php?rest_route=\/wp\/v2\/pages\/37","targetHints":{"allow":["GET"]}}],"collection":[{"href":"https:\/\/praxis-droezdil.de\/index.php?rest_route=\/wp\/v2\/pages"}],"about":[{"href":"https:\/\/praxis-droezdil.de\/index.php?rest_route=\/wp\/v2\/types\/page"}],"author":[{"embeddable":true,"href":"https:\/\/praxis-droezdil.de\/index.php?rest_route=\/wp\/v2\/users\/1"}],"replies":[{"embeddable":true,"href":"https:\/\/praxis-droezdil.de\/index.php?rest_route=%2Fwp%2Fv2%2Fcomments&post=37"}],"version-history":[{"count":14,"href":"https:\/\/praxis-droezdil.de\/index.php?rest_route=\/wp\/v2\/pages\/37\/revisions"}],"predecessor-version":[{"id":508,"href":"https:\/\/praxis-droezdil.de\/index.php?rest_route=\/wp\/v2\/pages\/37\/revisions\/508"}],"wp:attachment":[{"href":"https:\/\/praxis-droezdil.de\/index.php?rest_route=%2Fwp%2Fv2%2Fmedia&parent=37"}],"curies":[{"name":"wp","href":"https:\/\/api.w.org\/{rel}","templated":true}]}}