{"id":106,"date":"2017-04-15T13:58:29","date_gmt":"2017-04-15T13:58:29","guid":{"rendered":"http:\/\/praxis-droezdil.de\/?page_id=106"},"modified":"2023-09-17T08:17:22","modified_gmt":"2023-09-17T08:17:22","slug":"leistungen-2","status":"publish","type":"page","link":"https:\/\/praxis-droezdil.de\/?page_id=106","title":{"rendered":"Leistungen"},"content":{"rendered":"<h2><strong>Regul\u00e4re Leistungen w\u00e4hrend der Sprechstunde<\/strong><\/h2>\n<ul>\n<li><strong>Allgemeinmedizinische und haus\u00e4rztlich-internistische Betreuung bei akuten und chronischen Erkrankungen<\/strong><\/li>\n<li><strong>Ruhe-EKG<\/strong><\/li>\n<li><strong>Notfall-Sonographie des Abdomens<\/strong><\/li>\n<li><strong>Blutuntersuchungen und weitere Labordiagnostik (Urin, Stuhl)<\/strong><\/li>\n<li><strong>Wundversorgung und Chirurgische Grundversorgung<\/strong><\/li>\n<li><strong>Impfungen<\/strong><\/li>\n<li><strong>Psychosomatische Grundversorgung<\/strong><\/li>\n<\/ul>\n<h2><strong>Vorsorgeleistungen und Untersuchungen nach Absprache<\/strong><\/h2>\n<ul>\n<li><strong>Gesundheitschecks\u00a0<\/strong><\/li>\n<li><strong>Ultraschall des Abdomens und der Schilddr\u00fcse<\/strong><\/li>\n<li><strong>24 Stunden-Langzeit-Blutdruckmessung<\/strong><\/li>\n<li><strong>24 Stunden-Langzeit-EKG<\/strong><\/li>\n<li><strong>Lungenfunktion<\/strong><\/li>\n<li><strong>Disease-Management-Programme (DMP) f\u00fcr Diabetes, KHK, Asthma, COPD<\/strong><\/li>\n<li><strong>Pr\u00e4operative Diagnostik (OP-Vorbereitung)<\/strong><\/li>\n<li><strong>Jugendarbeitsschutzuntersuchungen<\/strong><\/li>\n<li><strong>Kur- und Versicherungsantr\u00e4ge<\/strong><\/li>\n<\/ul>\n","protected":false},"excerpt":{"rendered":"<p>Regul\u00e4re Leistungen w\u00e4hrend der Sprechstunde Allgemeinmedizinische und haus\u00e4rztlich-internistische Betreuung bei akuten und chronischen Erkrankungen Ruhe-EKG Notfall-Sonographie des Abdomens Blutuntersuchungen und weitere Labordiagnostik (Urin, Stuhl) Wundversorgung und Chirurgische Grundversorgung Impfungen Psychosomatische Grundversorgung Vorsorgeleistungen und Untersuchungen nach Absprache Gesundheitschecks\u00a0 Ultraschall des Abdomens und der Schilddr\u00fcse 24 Stunden-Langzeit-Blutdruckmessung 24 Stunden-Langzeit-EKG Lungenfunktion Disease-Management-Programme (DMP) f\u00fcr Diabetes, KHK, Asthma, COPD [&hellip;]<\/p>\n","protected":false},"author":1,"featured_media":0,"parent":0,"menu_order":7,"comment_status":"closed","ping_status":"closed","template":"","meta":{"footnotes":""},"class_list":["post-106","page","type-page","status-publish","hentry"],"aioseo_notices":[],"_links":{"self":[{"href":"https:\/\/praxis-droezdil.de\/index.php?rest_route=\/wp\/v2\/pages\/106","targetHints":{"allow":["GET"]}}],"collection":[{"href":"https:\/\/praxis-droezdil.de\/index.php?rest_route=\/wp\/v2\/pages"}],"about":[{"href":"https:\/\/praxis-droezdil.de\/index.php?rest_route=\/wp\/v2\/types\/page"}],"author":[{"embeddable":true,"href":"https:\/\/praxis-droezdil.de\/index.php?rest_route=\/wp\/v2\/users\/1"}],"replies":[{"embeddable":true,"href":"https:\/\/praxis-droezdil.de\/index.php?rest_route=%2Fwp%2Fv2%2Fcomments&post=106"}],"version-history":[{"count":23,"href":"https:\/\/praxis-droezdil.de\/index.php?rest_route=\/wp\/v2\/pages\/106\/revisions"}],"predecessor-version":[{"id":506,"href":"https:\/\/praxis-droezdil.de\/index.php?rest_route=\/wp\/v2\/pages\/106\/revisions\/506"}],"wp:attachment":[{"href":"https:\/\/praxis-droezdil.de\/index.php?rest_route=%2Fwp%2Fv2%2Fmedia&parent=106"}],"curies":[{"name":"wp","href":"https:\/\/api.w.org\/{rel}","templated":true}]}}